{"id":798,"date":"2018-01-13T14:44:15","date_gmt":"2018-01-13T12:44:15","guid":{"rendered":"http:\/\/jochenrieder.com\/?page_id=798"},"modified":"2018-01-23T14:02:40","modified_gmt":"2018-01-23T12:02:40","slug":"repertoire","status":"publish","type":"page","link":"http:\/\/jochenrieder.com\/en\/repertoire\/","title":{"rendered":"Repertoire"},"content":{"rendered":"<p><\/p>\n<p><span style=\"color: #ffffff;\">d \u0301Albert: Tiefland<\/span><\/p>\n<p><span style=\"color: #ffffff;\">Beethoven: Fidelio<\/span><\/p>\n<p><span style=\"color: #ffffff;\">Berlioz: La Damnation de Faust<\/span><\/p>\n<p><span style=\"color: #ffffff;\">Bizet: Carmen\u00a0<\/span><\/p>\n<p><span style=\"color: #ffffff;\">Busoni: Doktor Faust<\/span><\/p>\n<p><span style=\"color: #ffffff;\"> Dvorak: Rusalka<\/span><\/p>\n<p><span style=\"color: #ffffff;\">Gluck: Orf\u00e9e<\/span><\/p>\n<p><span style=\"color: #ffffff;\"> Hindemith: Mathis der Maler<\/span><\/p>\n<p><span style=\"color: #ffffff;\"> Humperdinck: H\u00e4nsel und Gretel<\/span><\/p>\n<p><span style=\"color: #ffffff;\"> Korngold: Die tote Stadt<\/span><\/p>\n<p><span style=\"color: #ffffff;\"> Leoncavallo: I Pagliacci<\/span><\/p>\n<p><span style=\"color: #ffffff;\"> Mascagni: Cavalleria rusticana<\/span><\/p>\n<p><span style=\"color: #ffffff;\"> Massenet: Manon<\/span><\/p>\n<p><span style=\"color: #ffffff;\"> Mozart: Die Entf\u00fchrung aus dem Serail, Le nozze di Figaro,\u00a0Die Zauberfl\u00f6te, Don Giovanni, Cos\u00ec fan tutte<\/span><\/p>\n<p><span style=\"color: #ffffff;\"> Offenbach: Les Contes d\u2018Hoffmann<\/span><\/p>\n<p><span style=\"color: #ffffff;\">Orff: Der Mond<\/span><\/p>\n<p><span style=\"color: #ffffff;\"> Puccini: Madama Butterfly, Tosca, Turandot, La Boh\u00e8me<\/span><\/p>\n<p><span style=\"color: #ffffff;\">Rossini: La Cenerentola<\/span><\/p>\n<p><span style=\"color: #ffffff;\"> Schoenberg: Moses und Aron<\/span><\/p>\n<p><span style=\"color: #ffffff;\"> Schubert: Fierrabras<\/span><\/p>\n<p><span style=\"color: #ffffff;\"> Strauss: Salome, Elektra, Der Rosenkavalier, Ariadne auf Naxos, Die Frau ohne Schatten, Arabella<\/span><\/p>\n<p><span style=\"color: #ffffff;\"> Tchaikovsky: Eugen Onegin, Pique Dame<\/span><\/p>\n<p><span style=\"color: #ffffff;\"> Verdi: Macbeth, La Traviata, Otello, Un ballo in maschera, Simon Boccanegra<\/span><\/p>\n<p><span style=\"color: #ffffff;\"> Wagner: Der fliegende Holl\u00e4nder, Lohengrin, Tannh\u00e4user, Das Rheingold, Die Walk\u00fcre, Siegfried, G\u00f6tterd\u00e4mmerung, Die Meistersinger von N\u00fcrnberg, Tristan und Isolde, Parsifal<\/span><\/p>\n<p><span style=\"color: #ffffff;\">Weber: Der Freisch\u00fctz<\/span><\/p>\n<p><span style=\"color: #ffffff;\"> Weill: Aufstieg und Fall der Stadt Mahagonny<\/span><\/p>\n<p><span style=\"color: #ffffff;\">More on request.<\/span><\/p>\n<p>&nbsp;<\/p>\n<p><\/p>","protected":false},"excerpt":{"rendered":"<p>d \u0301Albert: Tiefland Beethoven: Fidelio Berlioz: La Damnation de Faust Bizet: Carmen\u00a0 Busoni: Doktor Faust Dvorak: Rusalka Gluck: Orf\u00e9e Hindemith: Mathis der Maler Humperdinck: H\u00e4nsel und Gretel Korngold: Die tote Stadt Leoncavallo: I Pagliacci Mascagni: Cavalleria rusticana Massenet: Manon Mozart: Die Entf\u00fchrung aus dem Serail, Le nozze di Figaro,\u00a0Die Zauberfl\u00f6te, Don Giovanni, Cos\u00ec fan tutte [&hellip;]<\/p>\n","protected":false},"author":1,"featured_media":0,"parent":0,"menu_order":0,"comment_status":"closed","ping_status":"closed","template":"","meta":{"footnotes":""},"_links":{"self":[{"href":"http:\/\/jochenrieder.com\/en\/wp-json\/wp\/v2\/pages\/798"}],"collection":[{"href":"http:\/\/jochenrieder.com\/en\/wp-json\/wp\/v2\/pages"}],"about":[{"href":"http:\/\/jochenrieder.com\/en\/wp-json\/wp\/v2\/types\/page"}],"author":[{"embeddable":true,"href":"http:\/\/jochenrieder.com\/en\/wp-json\/wp\/v2\/users\/1"}],"replies":[{"embeddable":true,"href":"http:\/\/jochenrieder.com\/en\/wp-json\/wp\/v2\/comments?post=798"}],"version-history":[{"count":18,"href":"http:\/\/jochenrieder.com\/en\/wp-json\/wp\/v2\/pages\/798\/revisions"}],"predecessor-version":[{"id":832,"href":"http:\/\/jochenrieder.com\/en\/wp-json\/wp\/v2\/pages\/798\/revisions\/832"}],"wp:attachment":[{"href":"http:\/\/jochenrieder.com\/en\/wp-json\/wp\/v2\/media?parent=798"}],"curies":[{"name":"wp","href":"https:\/\/api.w.org\/{rel}","templated":true}]}}