{"id":2,"date":"2014-04-07T21:15:59","date_gmt":"2014-04-07T19:15:59","guid":{"rendered":"http:\/\/jochenrieder.com\/wordpress\/?page_id=2"},"modified":"2026-01-15T14:07:48","modified_gmt":"2026-01-15T12:07:48","slug":"biographie","status":"publish","type":"page","link":"http:\/\/jochenrieder.com\/en\/biographie\/","title":{"rendered":"Biography"},"content":{"rendered":"<p><span style=\"color: #ffffff;\">Teatro alla Scala, Carnegie Hall and Frankfurt&#8217;s Alte Oper &#8211; Jochen Rieder is a regular guest in many of the world&#8217;s leading opera houses and concert halls, collaborating with some of today&#8217;s most admired soloists and orchestra. An enthusiastic artist widely recognized especially for his work with German and Italian repertoire, Maestro Rieder has lead critically acclaimed performances and CD productions across the world.<\/span><\/p>\n<div class=\"wp-block-group__inner-container\">\n<p><span style=\"color: #ffffff;\">Regular collaborations include some of the greatest singers of our time, such as Peter Seiffert, Waltraud Meier, Leo Nucci, Agnes Baltsa, Jonas Kaufmann, Ren\u00e9e Fleming, Nina Stemme, Thomas Hampson, Jos\u00e9 van Dam, Matthias Goerne, Matti Salminen and Michael Volle.<span class=\"Apple-converted-space\">\u00a0<\/span><\/span><\/p>\n<p><span style=\"color: #ffffff;\">Over the years, a long and intense musical partnership has become established with tenor Jonas Kaufmann. Together, they have performed at the Royal Festival Hall in London, the Barbican Centre, the Philharmonie of Berlin, Laeiszhalle Hamburg, Philharmonie of Munich, the Stuttgart Liederhalle, Baden-Baden\u2019s Festspielhaus, Vienna\u2019s Konzerthaus, the KKL Lucerne, the Th\u00e9\u00e2tre des Champs-Elys\u00e9es in Paris, Essen Philharmonic Hall, Palais des Beaux-Arts in Brussels, Peralada Festival, Seoul Arts Center in South Korea, Menuhin-Festival Gstaad\/CH, the Royal Opera House Muscat\/Oman, the Konzerthaus Dortmund, the Alte Oper Frankfurt, the Sydney Opera House\/Australia, the Movistar Arena Santiago de Chile\/South America, Teatro Real Madrid, Schlossfestspiele Regensburg, the Tchaikovsky Conservatory Moscow, the Concertgebouw Amsterdam, the Osaka Festival Hall, the Suntory-Hall Tokyo, the Waldb\u00fchne Berlin, the Schleswig-Holstein Music Festival, the Carnegie Hall New York, the Elbphilharmonie Hamburg, the Arena di Verona, as well as in Hong Kong and Taipei.<\/span><\/p>\n<p><span style=\"color: #ffffff;\">He conducts numerous renowned orchestras, including the Royal Philharmonic Orchestra, Orchestra Filarmonica della Scala Milano, London Philharmonic Orchestra, Rundfunk-Sinfonie-Orchester Berlin, Bruckner Orchestra Linz, RAI Symphony Orchestra, Prague Symphony Orchestra, Residentie Orkest The Hague and BBC Symphony Orchestra.<\/span><\/p>\n<p><span style=\"color: #ffffff;\">Besides concerts all over the world, they made several recordings together, released by SONY: 2014 with the Rundfunk-Sinfonieorchester Berlin CD and DVD with Operette-Arias (awarded with Platinum and Gold and the \u00abEcho-Klassik 2015\u00bb), 2015 the DVD of the Puccini-concert at the Teatro alla Scala in Milan, which has also been screened in many cinemas, 2016 the DVD \u00abDolce Vita &#8211; My Italy\u00bb, accompanied by the Orchestra Sinfonica Nazionale della RAI di Torino and 2018 CD and DVD \u00abAn italian night\u00bb, from the Waldb\u00fchne Berlin, again with the Rundfunk-Sinfonieorchester Berlin and awarded with the OPUS KLASSIK 2019.<\/span><\/p>\n<p><span style=\"color: #ffffff;\">Further recordings have been in 2020 \u201eMein Wien\u201c (SONY Classical) with Jonas Kaufmann and Rachel Willis Sorensen, \u201eIt\u2019s Christmas\u201c (SONY Classical) with Jonas Kaufmann and the Mozarteum Orchester Salzburg, The Sound Of Movies&#8221; (SONY Classical) with Jonas Kaufmann and the Czech National Symphony Orchestra as well as a recording released in 2015 by NAXOS, containing Mahler\u2019s orchestral songs with Swedish baritone Peter Mattei and the Norrk\u00f6ping Symphony Orchestra and the recording &#8220;Arias for Josepha&#8221; (SONY Classical) with Sarah Traubel and the Prague Philharmonia.<\/span><\/p>\n<p><span style=\"color: #ffffff;\">In 2024 the Deutsche Grammophon has been released the OPUS KLASSIK awarded Recording &#8220;Breathe&#8221; with Hera Hyesang Park and the Orchestra del Teatro Carlo Felice.<\/span><\/p>\n<p><span style=\"color: #ffffff;\">Conductor Jochen Rieder was born in the German region of Rhineland-Palatinate. He has followed a classic Kapellmeister career path that has taken him from conducting positions in Karlsruhe via Bremen to the Zurich Opera House.<\/span><\/p>\n<p>&nbsp;<\/p>\n<p><span style=\"color: #ffffff;\">ORCHESTRA LIST:<\/span><\/p>\n<p><span style=\"color: #ffffff;\">Aalborg Symphony Orchestra<\/span><\/p>\n<p><span style=\"color: #ffffff;\">Augsburger Philharmoniker<\/span><\/p>\n<p><span style=\"color: #ffffff;\">Australian Opera Orchestra Sydney<\/span><\/p>\n<p><span style=\"color: #ffffff;\">Bayerische Kammerphilharmonie<\/span><\/p>\n<p><span style=\"color: #ffffff;\">BBC Symphony Orchestra<\/span><\/p>\n<p><span style=\"color: #ffffff;\">Bochumer Symphoniker \u00a0<\/span><\/p>\n<p><span style=\"color: #ffffff;\">\u2028Bremer Philharmoniker \u00a0 \u00a0<\/span><\/p>\n<p><span style=\"color: #ffffff;\">\u2028Bruckner Orchester Linz\u2028 \u00a0 \u00a0 \u00a0<\/span><\/p>\n<p><span style=\"color: #ffffff;\">Cape Town Philharmonic Orchestra<\/span><\/p>\n<p><span style=\"color: #ffffff;\">Copenhagen Philharmonic Orchestra \u00a0 \u00a0 \u00a0 \u00a0<\/span><\/p>\n<p><span style=\"color: #ffffff;\">Czech National Symphony Orchestra \u00a0 \u00a0<\/span><\/p>\n<p><span style=\"color: #ffffff;\">Danish National Symphony Orchestra<\/span><\/p>\n<p><span style=\"color: #ffffff;\">Deutsche Radio Philharmonie Saarbr\u00fccken Kaiserslautern<\/span><\/p>\n<p><span style=\"color: #ffffff;\">Deutsche Staatsphilharmonie Rheinland-Pfalz<\/span><\/p>\n<p><span style=\"color: #ffffff;\">D\u00fcsseldorfer Symphoniker<\/span><\/p>\n<p><span style=\"color: #ffffff;\">Duisburger Philharmoniker<\/span><\/p>\n<p><span style=\"color: #ffffff;\">Euro-Asian Philharmonic Orchestra Seoul \u00a0 \u00a0 \u00a0 \u00a0 \u00a0 \u00a0 \u00a0 \u00a0 <\/span><\/p>\n<p><span style=\"color: #ffffff;\">Gothenborg Symphony Orchestra \u00a0 \u00a0 \u00a0 \u00a0 \u00a0 \u00a0 \u00a0 \u00a0 \u00a0 \u00a0 \u00a0 \u00a0 \u00a0 \u00a0 \u00a0 \u00a0 \u00a0 \u00a0 \u00a0 \u00a0\u00a0<\/span><\/p>\n<p><span style=\"color: #ffffff;\">Griechisches Staatsorchester Athen \u00a0 \u00a0 <\/span><\/p>\n<p><span style=\"color: #ffffff;\">Hamburger Symphoniker \u00a0 \u00a0 \u00a0 \u00a0 \u00a0 \u00a0 \u00a0 \u00a0 \u00a0 \u00a0 \u00a0 \u00a0 \u00a0 \u00a0 \u00a0 \u00a0 \u00a0 \u00a0 \u00a0 \u00a0 \u00a0 \u00a0 \u00a0 \u00a0 \u00a0 \u00a0 \u00a0\u00a0<\/span><\/p>\n<p><span style=\"color: #ffffff;\">Hessisches Staatsorchester Wiesbaden \u00a0 \u00a0 \u00a0 \u00a0 \u00a0 \u00a0 \u00a0 \u00a0 \u00a0 \u00a0 \u00a0 \u00a0 \u00a0 \u00a0 \u00a0 \u00a0 \u00a0 \u00a0 \u00a0 \u00a0 \u00a0 \u00a0 \u00a0 \u00a0 \u00a0 \u00a0 \u00a0 \u00a0 \u00a0<\/span><\/p>\n<p><span style=\"color: #ffffff;\">Hofer Symphoniker<\/span><\/p>\n<p><span style=\"color: #ffffff;\">Hong Kong Philharmonic<\/span><\/p>\n<p><span style=\"color: #ffffff;\">Hungarian National Philharmonic Orchestra\u2028 \u00a0 \u00a0 \u00a0 \u00a0 \u00a0 \u00a0 \u00a0 \u00a0 \u00a0 \u00a0 \u00a0 \u00a0 \u00a0 \u00a0 \u00a0 \u00a0 \u00a0 \u00a0 \u00a0 \u00a0 \u00a0 \u00a0 \u00a0 \u00a0 \u00a0 \u00a0 \u00a0 \u00a0 \u00a0 \u00a0 \u00a0 \u00a0 \u00a0 \u00a0 \u00a0 \u00a0 \u00a0 \u00a0<\/span><\/p>\n<p><span style=\"color: #ffffff;\">Irish Chamber Orchestra \u00a0 \u00a0 \u00a0 \u00a0 \u00a0 \u00a0 \u00a0 \u00a0 \u00a0 \u00a0 \u00a0 \u00a0 \u00a0 \u00a0 \u00a0 \u00a0 \u00a0 \u00a0 \u00a0 \u00a0 \u00a0 \u00a0 \u00a0 \u00a0 \u00a0 \u00a0 \u00a0 \u00a0 \u00a0 \u00a0 \u00a0 \u00a0 \u00a0 \u00a0 \u00a0 \u00a0<\/span><\/p>\n<p><span style=\"color: #ffffff;\">Japan Century Symphony Orchestra \u00a0 \u00a0 <\/span><\/p>\n<p><span style=\"color: #ffffff;\">Junge S\u00fcdwestdeutsche Philharmonie \u00a0 \u00a0 \u00a0 \u00a0 \u00a0 \u00a0 \u00a0 \u00a0 \u00a0 \u00a0 \u00a0 \u00a0 \u00a0 \u00a0 \u00a0 \u00a0 \u00a0 \u00a0 \u00a0 \u00a0 \u00a0 \u00a0 \u00a0 \u00a0 \u00a0 \u00a0 \u00a0 \u00a0\u00a0<\/span><\/p>\n<p><span style=\"color: #ffffff;\">Jyv\u00e4skyl\u00e4 Sinfonia Finnland\u2028 \u00a0<\/span><\/p>\n<p><span style=\"color: #ffffff;\">Landesjugendorchester Rheinland-Pfalz \u00a0 \u00a0 \u00a0 \u00a0 \u00a0 \u00a0 \u00a0 \u00a0 \u00a0 \u00a0 \u00a0 \u00a0 \u00a0 \u00a0 \u00a0 \u00a0 \u00a0 \u00a0 \u00a0 \u00a0 \u00a0 \u00a0 \u00a0 \u00a0 \u00a0 \u00a0 \u00a0 \u00a0 \u00a0 \u00a0 \u00a0 \u00a0 \u00a0 \u00a0 \u00a0 \u00a0 \u00a0 \u00a0 \u00a0 \u00a0 \u00a0 \u00a0 \u00a0 \u00a0 \u00a0 \u00a0 \u00a0 \u00a0 \u00a0 \u00a0 \u00a0 \u00a0 \u00a0 \u00a0 \u00a0 \u00a0 \u00a0 \u00a0 \u00a0 \u00a0 \u00a0 \u00a0 \u00a0 \u00a0\u00a0<\/span><\/p>\n<p><span style=\"color: #ffffff;\">London Philharmonic Orchestra \u00a0 \u00a0<\/span><\/p>\n<p><span style=\"color: #ffffff;\">Mainzer Kammerorchester<\/span><\/p>\n<p><span style=\"color: #ffffff;\">Moscow State Symphony Orchestra<\/span><\/p>\n<p><span style=\"color: #ffffff;\">Mozarteum Orchester Salzburg \u00a0 \u00a0 \u00a0 \u00a0 \u00a0 \u00a0 \u00a0 \u00a0 \u00a0 \u00a0 \u00a0 \u00a0 \u00a0 \u00a0 \u00a0 \u00a0 \u00a0 \u00a0 \u00a0 \u00a0 \u00a0 \u00a0 \u00a0 \u00a0 \u00a0 \u00a0 \u00a0 \u00a0 \u00a0 \u00a0 \u00a0 \u00a0 \u00a0 \u00a0 \u00a0 \u00a0 \u00a0 \u00a0 \u00a0 \u00a0 \u00a0 \u00a0 \u00a0 \u00a0 \u00a0 \u00a0 \u00a0 \u00a0 \u00a0 \u00a0 \u00a0 \u00a0 \u00a0 \u00a0 \u00a0 \u00a0 \u00a0<\/span><\/p>\n<p><span style=\"color: #ffffff;\">M\u00fcnchner Rundfunkorchester \u00a0 \u00a0<\/span><\/p>\n<p><span style=\"color: #ffffff;\">M\u00fcnchner Symphoniker \u00a0 \u00a0 \u00a0 \u00a0 \u00a0 \u00a0 \u00a0 \u00a0 \u00a0 \u00a0 \u00a0 \u00a0 \u00a0 \u00a0 \u00a0 \u00a0 \u00a0 \u00a0 \u00a0 \u00a0 \u00a0 \u00a0 \u00a0 \u00a0 \u00a0 \u00a0 \u00a0 \u00a0 \u00a0 \u00a0 \u00a0 \u00a0 \u00a0 \u00a0 \u00a0 \u00a0 \u00a0 \u00a0 \u00a0 \u00a0 \u00a0 \u00a0 \u00a0 \u00a0 \u00a0 \u00a0 \u00a0 \u00a0 \u00a0 \u00a0 \u00a0 \u00a0 \u00a0 \u00a0 \u00a0 \u00a0 \u00a0 \u00a0\u00a0<\/span><\/p>\n<p><span style=\"color: #ffffff;\">Norrk\u00f6ping Symphony Orchestra \u00a0 \u00a0 \u00a0 \u00a0 \u00a0 \u00a0 \u00a0 \u00a0 \u00a0 \u00a0 \u00a0 \u00a0 \u00a0 \u00a0 \u00a0 \u00a0 \u00a0 \u00a0 \u00a0 \u00a0 \u00a0 \u00a0 \u00a0 \u00a0 \u00a0 \u00a0 \u00a0 \u00a0 \u00a0 \u00a0 \u00a0 \u00a0 \u00a0 \u00a0 \u00a0 \u00a0 \u00a0 \u00a0 \u00a0 \u00a0 \u00a0 \u00a0 \u00a0 \u00a0 \u00a0 \u00a0 \u00a0 \u00a0 \u00a0 \u00a0 \u00a0 \u00a0 \u00a0 \u00a0 \u00a0 \u00a0 \u00a0 \u00a0 \u00a0 \u00a0<\/span><\/p>\n<p><span style=\"color: #ffffff;\">Orchester der Oper Z\u00fcrich<\/span><\/p>\n<p><span style=\"color: #ffffff;\">Orchester des Landestheaters Detmold<\/span><\/p>\n<p><span style=\"color: #ffffff;\">Orchester der Ungarischen Staatsoper Budapest \u00a0\u00a0<\/span><\/p>\n<p><span style=\"color: #ffffff;\">Orchestra dell&#8217;Arena di Verona<\/span><\/p>\n<p><span style=\"color: #ffffff;\">Orchestra del Maggio Musicale Fiorentino<\/span><\/p>\n<p><span style=\"color: #ffffff;\">Orchestra dell&#8217;Opera Carlo Felice Genova<\/span><\/p>\n<p><span style=\"color: #ffffff;\">Orchestra del Teatro di San Carlo Napoli<\/span><\/p>\n<p><span style=\"color: #ffffff;\">Orchestra Filarmonica della Scala Milano \u00a0 \u00a0 \u00a0 \u00a0 \u00a0 \u00a0 \u00a0 \u00a0 \u00a0 \u00a0 \u00a0 \u00a0 \u00a0 \u00a0 \u00a0 \u00a0 \u00a0 \u00a0 \u00a0 \u00a0 \u00a0 \u00a0 \u00a0 \u00a0 \u00a0 \u00a0 \u00a0 \u00a0 \u00a0 \u00a0 \u00a0 \u00a0 \u00a0 \u00a0 \u00a0 \u00a0 \u00a0 \u00a0 \u00a0 \u00a0 \u00a0 \u00a0 \u00a0 \u00a0 \u00a0 \u00a0 \u00a0 \u00a0 \u00a0 \u00a0 \u00a0 \u00a0<\/span><\/p>\n<p><span style=\"color: #ffffff;\">Orchestra of St. Luke&#8217;s New York<\/span><\/p>\n<p><span style=\"color: #ffffff;\">Orchestra of the Greek National Opera Athens<\/span><\/p>\n<p><span style=\"color: #ffffff;\">Orchestre M\u00e9tropolitain Montreal \u00a0 \u00a0 \u00a0 \u00a0 \u00a0 \u00a0 \u00a0 \u00a0 \u00a0 \u00a0 \u00a0 \u00a0 \u00a0 \u00a0 \u00a0 \u00a0 \u00a0 \u00a0 \u00a0 \u00a0 \u00a0 \u00a0 \u00a0 \u00a0 \u00a0 \u00a0 \u00a0 \u00a0 \u00a0 \u00a0 \u00a0 \u00a0 \u00a0 \u00a0 \u00a0 \u00a0 \u00a0 \u00a0 \u00a0 \u00a0 \u00a0 \u00a0 \u00a0 \u00a0 \u00a0 \u00a0 \u00a0 \u00a0 \u00a0 \u00a0 \u00a0 \u00a0 \u00a0 \u00a0 \u00a0 \u00a0 \u00a0 \u00a0 \u00a0 \u00a0<\/span><\/p>\n<p><span style=\"color: #ffffff;\">Orchestre National de Belgique \u00a0 \u00a0 \u00a0 \u00a0 \u00a0 \u00a0 \u00a0 \u00a0 \u00a0 \u00a0 \u00a0 \u00a0 \u00a0 \u00a0 \u00a0 \u00a0 \u00a0 \u00a0 \u00a0 \u00a0 \u00a0 \u00a0 \u00a0 \u00a0 \u00a0 \u00a0 \u00a0 \u00a0 \u00a0 \u00a0 \u00a0 \u00a0 \u00a0 \u00a0 \u00a0 \u00a0 \u00a0 \u00a0 \u00a0 \u00a0 \u00a0 \u00a0 \u00a0 \u00a0 \u00a0 \u00a0 \u00a0 \u00a0 \u00a0 \u00a0 \u00a0 \u00a0 \u00a0 \u00a0 \u00a0 \u00a0 \u00a0 \u00a0 \u00a0 \u00a0 \u00a0 \u00a0<\/span><\/p>\n<p><span style=\"color: #ffffff;\">Orchestre National de France \u00a0 \u00a0 \u00a0 \u00a0 \u00a0 \u00a0 \u00a0 \u00a0 \u00a0 \u00a0 \u00a0 \u00a0 \u00a0 \u00a0 \u00a0 \u00a0 \u00a0 \u00a0 \u00a0 \u00a0 \u00a0 \u00a0 \u00a0 \u00a0 \u00a0 \u00a0 \u00a0 \u00a0 \u00a0 \u00a0 \u00a0 \u00a0 \u00a0 \u00a0 \u00a0 \u00a0 \u00a0 \u00a0 \u00a0 \u00a0 \u00a0 \u00a0 \u00a0 \u00a0 \u00a0 \u00a0 \u00a0 \u00a0 \u00a0 \u00a0 \u00a0 \u00a0 \u00a0 \u00a0 \u00a0 \u00a0 \u00a0 \u00a0 \u00a0 \u00a0 \u00a0 \u00a0 \u00a0<\/span><\/p>\n<p><span style=\"color: #ffffff;\">Orchestra Sinfonica Nazionale della RAI di Torino \u00a0 \u00a0 \u00a0 \u00a0 \u00a0 \u00a0 \u00a0 \u00a0 \u00a0 \u00a0 \u00a0 \u00a0 \u00a0 \u00a0 \u00a0 \u00a0 \u00a0 \u00a0 \u00a0 \u00a0 \u00a0 \u00a0 \u00a0 \u00a0 \u00a0 \u00a0 \u00a0 \u00a0 \u00a0 \u00a0 \u00a0 \u00a0 \u00a0 \u00a0 \u00a0 \u00a0 \u00a0 \u00a0 \u00a0 \u00a0 \u00a0 \u00a0 \u00a0 \u00a0 \u00a0<\/span><\/p>\n<p><span style=\"color: #ffffff;\">Orchestra Victoria Melbourne\u2028 \u00a0 \u00a0 <\/span><\/p>\n<p><span style=\"color: #ffffff;\">ORF Radio-Symphonieorchester Wien \u00a0 \u00a0 \u00a0 \u00a0 \u00a0 \u00a0 \u00a0 \u00a0 \u00a0 \u00a0 \u00a0 \u00a0 \u00a0 \u00a0 \u00a0 \u00a0 \u00a0 \u00a0 \u00a0 \u00a0 \u00a0 \u00a0 \u00a0 \u00a0 \u00a0 \u00a0 \u00a0 \u00a0 \u00a0 \u00a0 \u00a0 \u00a0 \u00a0 \u00a0 \u00a0 \u00a0 \u00a0 \u00a0 \u00a0 \u00a0 \u00a0 \u00a0 \u00a0 \u00a0 \u00a0 \u00a0 \u00a0 \u00a0 \u00a0 \u00a0 \u00a0 \u00a0 \u00a0 \u00a0 \u00a0 \u00a0 \u00a0 \u00a0 \u00a0 \u00a0 \u00a0<\/span><\/p>\n<p><span style=\"color: #ffffff;\">Orquesta de Cadaques \u00a0 \u00a0 \u00a0 \u00a0 \u00a0 \u00a0 \u00a0 \u00a0 \u00a0 \u00a0 \u00a0 \u00a0 \u00a0 \u00a0 \u00a0 \u00a0 \u00a0 \u00a0 \u00a0 \u00a0 \u00a0 \u00a0 \u00a0 \u00a0 \u00a0 \u00a0 \u00a0 \u00a0 \u00a0 \u00a0 \u00a0 \u00a0 \u00a0 \u00a0 \u00a0 \u00a0 \u00a0 \u00a0 \u00a0 \u00a0 \u00a0 \u00a0 \u00a0 \u00a0 \u00a0 \u00a0 \u00a0 \u00a0 \u00a0 \u00a0 \u00a0 \u00a0 \u00a0 \u00a0 \u00a0 \u00a0 \u00a0 \u00a0 \u00a0 \u00a0 \u00a0 \u00a0 \u00a0 \u00a0 \u00a0 \u00a0 \u00a0 \u00a0 \u00a0 \u00a0<\/span><\/p>\n<p><span style=\"color: #ffffff;\">Orquesta Filarm\u00f3nica de Chile \u00a0 \u00a0<\/span><\/p>\n<p><span style=\"color: #ffffff;\">Orchestra of Teatro Real Madrid \u00a0 \u00a0 \u00a0 \u00a0 \u00a0 \u00a0 \u00a0 \u00a0 \u00a0 \u00a0 \u00a0 \u00a0 \u00a0 \u00a0 \u00a0 \u00a0 \u00a0 \u00a0 \u00a0 \u00a0 \u00a0 \u00a0 \u00a0 \u00a0 \u00a0 \u00a0 \u00a0 \u00a0 \u00a0 \u00a0 \u00a0 \u00a0 \u00a0 \u00a0 \u00a0 \u00a0 \u00a0 \u00a0 \u00a0 \u00a0 \u00a0 \u00a0 \u00a0 \u00a0 \u00a0 \u00a0 \u00a0 \u00a0 \u00a0 \u00a0 \u00a0 \u00a0 \u00a0 \u00a0 \u00a0 \u00a0 \u00a0<\/span><\/p>\n<p><span style=\"color: #ffffff;\">Philharmonia Orchestra \u00a0<\/span><\/p>\n<p><span style=\"color: #ffffff;\">Philharmonia Z\u00fcrich<\/span><\/p>\n<p><span style=\"color: #ffffff;\">\u2028Prager Symphoniker \u00a0 \u00a0 \u00a0 \u00a0 \u00a0 \u00a0 \u00a0 \u00a0 \u00a0 \u00a0 \u00a0 \u00a0 \u00a0 \u00a0 \u00a0 \u00a0 \u00a0 \u00a0 \u00a0 \u00a0 \u00a0 \u00a0 \u00a0 \u00a0 \u00a0 \u00a0 \u00a0 \u00a0 \u00a0 \u00a0 \u00a0 \u00a0 \u00a0 \u00a0 \u00a0 \u00a0 \u00a0 \u00a0 \u00a0 \u00a0 \u00a0 \u00a0 \u00a0 \u00a0 \u00a0 \u00a0 \u00a0 \u00a0 \u00a0 \u00a0 \u00a0 \u00a0 \u00a0 \u00a0 \u00a0 \u00a0 \u00a0 \u00a0 \u00a0 \u00a0 \u00a0 \u00a0 \u00a0 \u00a0 \u00a0 \u00a0 \u00a0 \u00a0 \u00a0 \u00a0 \u00a0 \u00a0 \u00a0 \u00a0\u00a0<\/span><\/p>\n<p><span style=\"color: #ffffff;\">Prague Philharmonia \u00a0 \u00a0 \u00a0 \u00a0 \u00a0 \u00a0 \u00a0 \u00a0 \u00a0 \u00a0 \u00a0 \u00a0 \u00a0 \u00a0 \u00a0 \u00a0 \u00a0 \u00a0 \u00a0 \u00a0 \u00a0 \u00a0 \u00a0 \u00a0 \u00a0 \u00a0 \u00a0 \u00a0 \u00a0 \u00a0 \u00a0 \u00a0 \u00a0 \u00a0 \u00a0 \u00a0 \u00a0 \u00a0 \u00a0 \u00a0 \u00a0 \u00a0 \u00a0 \u00a0 \u00a0 \u00a0 \u00a0 \u00a0 \u00a0 \u00a0 \u00a0 \u00a0 \u00a0 \u00a0 \u00a0 \u00a0 \u00a0 \u00a0 \u00a0 \u00a0 \u00a0 \u00a0 \u00a0 \u00a0 \u00a0 \u00a0 \u00a0 \u00a0 \u00a0 \u00a0 \u00a0 \u00a0\u00a0<\/span><\/p>\n<p><span style=\"color: #ffffff;\">Quatar Philharmonic Orchestra \u00a0 \u00a0 \u00a0 \u00a0 \u00a0 \u00a0 \u00a0 \u00a0 \u00a0 \u00a0 \u00a0 \u00a0 \u00a0 \u00a0 \u00a0 \u00a0 \u00a0 \u00a0 \u00a0 \u00a0 \u00a0 \u00a0 \u00a0 \u00a0 \u00a0 \u00a0 \u00a0 \u00a0 \u00a0 \u00a0 \u00a0 \u00a0 \u00a0 \u00a0 \u00a0 \u00a0 \u00a0 \u00a0 \u00a0 \u00a0 \u00a0 \u00a0 \u00a0 \u00a0 \u00a0 \u00a0 \u00a0 \u00a0 \u00a0 \u00a0 \u00a0 \u00a0 \u00a0 \u00a0 \u00a0 \u00a0 \u00a0 \u00a0 \u00a0 \u00a0 \u00a0<\/span><\/p>\n<p><span style=\"color: #ffffff;\">Residentie Orkest Den Haag\u2028 \u00a0 \u00a0 \u00a0 \u00a0 \u00a0 \u00a0 \u00a0 \u00a0 \u00a0 \u00a0 \u00a0 \u00a0 \u00a0 \u00a0 \u00a0 \u00a0 \u00a0 \u00a0 \u00a0 \u00a0 \u00a0 \u00a0 \u00a0 \u00a0 \u00a0 \u00a0 \u00a0 \u00a0 \u00a0 \u00a0 \u00a0 \u00a0 \u00a0 \u00a0 \u00a0 \u00a0 \u00a0 \u00a0 \u00a0 \u00a0 \u00a0 \u00a0 \u00a0 \u00a0 \u00a0 \u00a0 \u00a0 \u00a0 \u00a0 \u00a0 \u00a0 \u00a0 \u00a0 \u00a0 \u00a0 \u00a0 \u00a0 \u00a0 \u00a0 \u00a0 \u00a0 \u00a0 \u00a0 \u00a0 \u00a0 \u00a0 \u00a0 \u00a0<\/span><\/p>\n<p><span style=\"color: #ffffff;\">Royal Philharmonic Orchestra<\/span><\/p>\n<p><span style=\"color: #ffffff;\">RTV Slovenia Symphony Orchestra \u00a0 \u00a0 \u00a0 \u00a0 \u00a0 \u00a0 \u00a0 \u00a0 \u00a0 \u00a0 \u00a0 \u00a0 \u00a0 \u00a0 \u00a0 \u00a0 \u00a0 \u00a0 \u00a0 \u00a0 \u00a0 \u00a0 \u00a0 \u00a0 \u00a0 \u00a0 \u00a0 \u00a0 \u00a0 \u00a0 \u00a0 \u00a0 \u00a0 \u00a0 \u00a0 \u00a0 \u00a0 \u00a0 \u00a0 \u00a0 \u00a0 \u00a0 \u00a0 \u00a0 \u00a0 \u00a0 \u00a0 \u00a0 \u00a0 \u00a0 \u00a0 \u00a0 \u00a0 \u00a0 \u00a0 \u00a0 \u00a0 \u00a0 \u00a0 \u00a0 \u00a0\u00a0<\/span><\/p>\n<p><span style=\"color: #ffffff;\">Rundfunk-Sinfonie-Orchester Berlin \u00a0 \u00a0 \u00a0 \u00a0 \u00a0 \u00a0 \u00a0 \u00a0 \u00a0 \u00a0 \u00a0 \u00a0 \u00a0 \u00a0 \u00a0 \u00a0 \u00a0 \u00a0 \u00a0 \u00a0 \u00a0 \u00a0 \u00a0 \u00a0 \u00a0 \u00a0 \u00a0 \u00a0 \u00a0 \u00a0 \u00a0 \u00a0 \u00a0 \u00a0 \u00a0 \u00a0 \u00a0 \u00a0 \u00a0 \u00a0 \u00a0 \u00a0<\/span><\/p>\n<p><span style=\"color: #ffffff;\">Rundfunksinfonieorchester Prag \u00a0 \u00a0 \u00a0 \u00a0 \u00a0 \u00a0 \u00a0 \u00a0 \u00a0 \u00a0 \u00a0 \u00a0 \u00a0 \u00a0 \u00a0 \u00a0 \u00a0 \u00a0 \u00a0 \u00a0 \u00a0 \u00a0 \u00a0 \u00a0 \u00a0 \u00a0 \u00a0 \u00a0 \u00a0 \u00a0 \u00a0 \u00a0 \u00a0 \u00a0 \u00a0 \u00a0 \u00a0 \u00a0 \u00a0 \u00a0 \u00a0 \u00a0 \u00a0 \u00a0 \u00a0 \u00a0 \u00a0 \u00a0 \u00a0 \u00a0 \u00a0 \u00a0 \u00a0 \u00a0 \u00a0<\/span><\/p>\n<p><span style=\"color: #ffffff;\">Sinfonieorchester Basel \u00a0 \u00a0 \u00a0<\/span><\/p>\n<p><span style=\"color: #ffffff;\">Sinfonieorchester Liechtenstein<\/span><\/p>\n<p><span style=\"color: #ffffff;\">Sinfonieorchester St. Gallen \u00a0 \u00a0 \u00a0 \u00a0<\/span><\/p>\n<p><span style=\"color: #ffffff;\">Slovak Philharmonic Bratislava<\/span><\/p>\n<p><span style=\"color: #ffffff;\">Sofia Philharmonic \u00a0 \u00a0 \u00a0 \u00a0 \u00a0 \u00a0 \u00a0 \u00a0 \u00a0 \u00a0 \u00a0 \u00a0 \u00a0 \u00a0 \u00a0 \u00a0 \u00a0 \u00a0 \u00a0 \u00a0 \u00a0 \u00a0 \u00a0 \u00a0 \u00a0 \u00a0 \u00a0 \u00a0 \u00a0 \u00a0 \u00a0 \u00a0 \u00a0 \u00a0 \u00a0 \u00a0 \u00a0 \u00a0 \u00a0 \u00a0 \u00a0 \u00a0 \u00a0 \u00a0 \u00a0 \u00a0 \u00a0 \u00a0 \u00a0 \u00a0 \u00a0 \u00a0 \u00a0 \u00a0 \u00a0 \u00a0 \u00a0 \u00a0<\/span><\/p>\n<p><span style=\"color: #ffffff;\">Staatskapelle Weimar \u00a0 \u00a0 \u00a0 \u00a0 \u00a0 \u00a0 \u00a0 \u00a0 \u00a0 \u00a0 \u00a0 \u00a0 \u00a0 \u00a0 \u00a0 \u00a0 \u00a0 \u00a0 \u00a0 \u00a0 \u00a0 \u00a0 \u00a0 \u00a0 \u00a0 \u00a0 \u00a0 \u00a0 \u00a0 \u00a0 \u00a0 \u00a0 \u00a0 \u00a0 \u00a0 \u00a0 \u00a0 \u00a0 \u00a0 \u00a0 \u00a0 \u00a0 \u00a0 \u00a0 \u00a0 \u00a0 \u00a0 \u00a0 \u00a0 \u00a0 \u00a0 \u00a0 \u00a0 \u00a0 \u00a0 \u00a0 \u00a0 \u00a0 \u00a0 \u00a0 \u00a0 \u00a0 \u00a0 \u00a0 \u00a0 \u00a0 \u00a0 \u00a0 \u00a0 \u00a0<\/span><\/p>\n<p><span style=\"color: #ffffff;\">Staatliches Symphonieorchester Russland \u00a0 \u00a0 <\/span><\/p>\n<p><span style=\"color: #ffffff;\">S\u00fcdwestdeutsche Philharmonie Konstanz \u00a0 \u00a0 \u00a0 \u00a0 \u00a0 \u00a0 \u00a0 \u00a0 \u00a0 \u00a0 \u00a0 \u00a0 \u00a0 \u00a0 \u00a0 \u00a0 \u00a0 \u00a0 \u00a0 \u00a0 \u00a0 \u00a0 \u00a0 \u00a0 \u00a0 \u00a0 \u00a0 \u00a0 \u00a0 \u00a0 \u00a0 \u00a0 \u00a0 \u00a0 \u00a0 \u00a0 \u00a0 \u00a0 \u00a0 \u00a0\u00a0<\/span><\/p>\n<p><span style=\"color: #ffffff;\">Suwon Philharmonic Orchestra<\/span><\/p>\n<p><span style=\"color: #ffffff;\">Symphonieorchester der Wiener Volksoper \u00a0 \u00a0 \u00a0 \u00a0 \u00a0 \u00a0 \u00a0 \u00a0 \u00a0 \u00a0 \u00a0 \u00a0 \u00a0 \u00a0 \u00a0 \u00a0 \u00a0 \u00a0 \u00a0 \u00a0 \u00a0 \u00a0 \u00a0 \u00a0 \u00a0 \u00a0 \u00a0 \u00a0 \u00a0 \u00a0 \u00a0 \u00a0 \u00a0 \u00a0 \u00a0 \u00a0 \u00a0 \u00a0 \u00a0 \u00a0 \u00a0 \u00a0 \u00a0 \u00a0 \u00a0 \u00a0 \u00a0 \u00a0 \u00a0 \u00a0 \u00a0<\/span><\/p>\n<p><span style=\"color: #ffffff;\">Symphony Orchestra of the Cape Town University \u00a0 \u00a0<\/span><\/p>\n<p><span style=\"color: #ffffff;\">Taipei Symphony Orchestra<\/span><\/p>\n<p><span style=\"color: #ffffff;\">Thessaloniki State Symphony Orchestra<\/span><\/p>\n<p><span style=\"color: #ffffff;\">Th\u00fcringen Philharmonie Gotha\u00a0<\/span><\/p>\n<p><span style=\"color: #ffffff;\">Tiroler Symphonieorchester Innsbruck \u00a0 \u00a0 \u00a0 \u00a0 \u00a0 \u00a0 \u00a0 \u00a0 \u00a0 \u00a0 \u00a0 \u00a0 \u00a0 \u00a0 \u00a0 \u00a0 \u00a0 \u00a0 \u00a0 \u00a0 \u00a0 \u00a0 \u00a0 \u00a0 \u00a0 \u00a0 \u00a0 \u00a0 \u00a0 \u00a0 \u00a0 \u00a0 \u00a0 \u00a0 \u00a0 \u00a0 \u00a0 \u00a0 \u00a0 \u00a0 \u00a0 \u00a0 \u00a0 \u00a0 \u00a0 \u00a0\u00a0<\/span><\/p>\n<p><span style=\"color: #ffffff;\">Tokyo New City Orchestra \u00a0 \u00a0 \u00a0 \u00a0 \u00a0 \u00a0 \u00a0 \u00a0 \u00a0 \u00a0 \u00a0 \u00a0 \u00a0 \u00a0 \u00a0 \u00a0 \u00a0 \u00a0 \u00a0 \u00a0 \u00a0 \u00a0 \u00a0 \u00a0 \u00a0 \u00a0 \u00a0 \u00a0 \u00a0 \u00a0 \u00a0 \u00a0 \u00a0 \u00a0 \u00a0 \u00a0 \u00a0 \u00a0 \u00a0 \u00a0 \u00a0 \u00a0 \u00a0 \u00a0 \u00a0 \u00a0 \u00a0 \u00a0 \u00a0 \u00a0 \u00a0 \u00a0 \u00a0 \u00a0 \u00a0 \u00a0 \u00a0 \u00a0 \u00a0 \u00a0 \u00a0 \u00a0 \u00a0 \u00a0 \u00a0 \u00a0 \u00a0<\/span><\/p>\n<p><span style=\"color: #ffffff;\">Tonhalle-Orchester Z\u00fcrich \u00a0 \u00a0 \u00a0<\/span><\/p>\n<p><span style=\"color: #ffffff;\">Valahia Symphony Orchestra<\/span><\/p>\n<p><span style=\"color: #ffffff;\">Vojvodina Symphony Orchestra<\/span><\/p>\n<p><span style=\"color: #ffffff;\">WDR Funkhausorchester \u00a0 \u00a0 \u00a0 \u00a0 \u00a0 \u00a0 \u00a0 \u00a0 \u00a0 \u00a0 \u00a0 \u00a0 \u00a0 \u00a0 \u00a0 \u00a0 \u00a0 \u00a0 \u00a0 \u00a0 \u00a0 \u00a0 \u00a0 \u00a0 \u00a0 \u00a0 \u00a0 \u00a0 \u00a0 \u00a0 \u00a0 \u00a0 \u00a0 \u00a0 \u00a0 \u00a0 \u00a0 \u00a0 \u00a0 \u00a0 \u00a0 \u00a0 \u00a0 \u00a0 \u00a0 \u00a0 \u00a0 \u00a0 \u00a0 \u00a0 \u00a0 \u00a0 \u00a0 \u00a0 \u00a0 \u00a0 \u00a0 \u00a0 \u00a0 \u00a0 \u00a0 \u00a0 \u00a0 \u00a0\u00a0<\/span><\/p>\n<p><span style=\"color: #ffffff;\">Wiener Kammerorchester \u00a0 \u00a0 \u00a0 \u00a0 \u00a0 \u00a0 \u00a0 \u00a0 \u00a0 \u00a0 \u00a0 \u00a0 \u00a0 \u00a0 \u00a0 \u00a0 \u00a0 \u00a0 \u00a0 \u00a0 \u00a0 \u00a0 \u00a0 \u00a0 \u00a0 \u00a0 \u00a0 \u00a0 \u00a0 \u00a0 \u00a0 \u00a0 \u00a0 \u00a0 \u00a0 \u00a0 \u00a0 \u00a0 \u00a0 \u00a0 \u00a0 \u00a0 \u00a0 \u00a0 \u00a0 \u00a0 \u00a0 \u00a0 \u00a0 \u00a0 \u00a0 \u00a0 \u00a0 \u00a0 \u00a0 \u00a0 \u00a0 \u00a0 \u00a0<\/span><\/p>\n<p><span style=\"color: #ffffff;\">W\u00fcrttembergische Philharmonie Reutlingen \u00a0 \u00a0 \u00a0 \u00a0 \u00a0 \u00a0 \u00a0 \u00a0 \u00a0 \u00a0 \u00a0 \u00a0 \u00a0 \u00a0 \u00a0 \u00a0 \u00a0 \u00a0 \u00a0 \u00a0 \u00a0 \u00a0 \u00a0 \u00a0 \u00a0 \u00a0 \u00a0 \u00a0 \u00a0 \u00a0 \u00a0 \u00a0 \u00a0 \u00a0 \u00a0 \u00a0 \u00a0 \u00a0 \u00a0 \u00a0 \u00a0 \u00a0 \u00a0 \u00a0 \u00a0 \u00a0 \u00a0 \u00a0 \u00a0 \u00a0 \u00a0 \u00a0 \u00a0 \u00a0 \u00a0 \u00a0 \u00a0 \u00a0 \u00a0 \u00a0 \u00a0<\/span><\/p>\n<p><span style=\"color: #ffffff;\">Z\u00fcrcher Kammerorchester<\/span><\/p>\n<p><span style=\"color: #ffffff;\">\u00a0<\/span><\/p>\n<p><span style=\"color: #ffffff;\"><!-- \/wp:freeform --><\/span><\/p>\n<\/div>\n<p><span style=\"color: #ffffff;\"><!-- \/wp:group --><\/span><\/p>\n<p>&nbsp;<\/p>\n<p>&nbsp;<\/p>","protected":false},"excerpt":{"rendered":"<p>Teatro alla Scala, Carnegie Hall and Frankfurt&#8217;s Alte Oper &#8211; Jochen Rieder is a regular guest in many of the world&#8217;s leading opera houses and concert halls, collaborating with some of today&#8217;s most admired soloists and orchestra. An enthusiastic artist widely recognized especially for his work with German and Italian repertoire, Maestro Rieder has lead [&hellip;]<\/p>\n","protected":false},"author":1,"featured_media":0,"parent":0,"menu_order":0,"comment_status":"closed","ping_status":"closed","template":"","meta":{"footnotes":""},"_links":{"self":[{"href":"http:\/\/jochenrieder.com\/en\/wp-json\/wp\/v2\/pages\/2"}],"collection":[{"href":"http:\/\/jochenrieder.com\/en\/wp-json\/wp\/v2\/pages"}],"about":[{"href":"http:\/\/jochenrieder.com\/en\/wp-json\/wp\/v2\/types\/page"}],"author":[{"embeddable":true,"href":"http:\/\/jochenrieder.com\/en\/wp-json\/wp\/v2\/users\/1"}],"replies":[{"embeddable":true,"href":"http:\/\/jochenrieder.com\/en\/wp-json\/wp\/v2\/comments?post=2"}],"version-history":[{"count":331,"href":"http:\/\/jochenrieder.com\/en\/wp-json\/wp\/v2\/pages\/2\/revisions"}],"predecessor-version":[{"id":1207,"href":"http:\/\/jochenrieder.com\/en\/wp-json\/wp\/v2\/pages\/2\/revisions\/1207"}],"wp:attachment":[{"href":"http:\/\/jochenrieder.com\/en\/wp-json\/wp\/v2\/media?parent=2"}],"curies":[{"name":"wp","href":"https:\/\/api.w.org\/{rel}","templated":true}]}}